
{"id":6225,"date":"2022-10-21T10:45:11","date_gmt":"2022-10-21T10:45:11","guid":{"rendered":"https:\/\/obenjobs.com\/info\/?page_id=6225"},"modified":"2023-07-09T01:35:49","modified_gmt":"2023-07-08T23:35:49","slug":"brak-kanalu","status":"publish","type":"page","link":"https:\/\/obenjobs.com\/info\/brak-kanalu\/","title":{"rendered":"Ten kana\u0142 nie zosta\u0142 jeszcze dodany"},"content":{"rendered":"<style>.kadence-column_9360a8-68 > .kt-inside-inner-col{padding-top:350px;padding-bottom:350px;}.kadence-column_9360a8-68 > .kt-inside-inner-col,.kadence-column_9360a8-68 > .kt-inside-inner-col:before{border-top-left-radius:0px;border-top-right-radius:0px;border-bottom-right-radius:0px;border-bottom-left-radius:0px;}.kadence-column_9360a8-68 > .kt-inside-inner-col{column-gap:var(--global-kb-gap-sm, 1rem);}.kadence-column_9360a8-68 > .kt-inside-inner-col{flex-direction:column;}.kadence-column_9360a8-68 > .kt-inside-inner-col > .aligncenter{width:100%;}.kadence-column_9360a8-68 > .kt-inside-inner-col{background-image:linear-gradient(135deg,rgb(223,243,255) 0%,rgb(250,227,227) 27%,rgb(220,251,255) 62%,rgb(202,255,210) 100%);}.kadence-column_9360a8-68:hover > .kt-inside-inner-col{background-color:var(--global-palette9, #ffffff);background-image:none;}.kadence-column_9360a8-68 > .kt-inside-inner-col:before{opacity:0.3;}.kadence-column_9360a8-68{z-index:10;position:relative;}@media all and (max-width: 1024px){.kadence-column_9360a8-68 > .kt-inside-inner-col{flex-direction:column;}}@media all and (max-width: 767px){.kadence-column_9360a8-68 > .kt-inside-inner-col{padding-right:15px;padding-left:15px;flex-direction:column;}}<\/style>\n<div class=\"wp-block-kadence-column kadence-column_9360a8-68 inner-column-1\"><div class=\"kt-inside-inner-col\"><style>.wp-block-kadence-advancedheading.kt-adv-heading_4f7d58-61, .wp-block-kadence-advancedheading.kt-adv-heading_4f7d58-61[data-kb-block=\"kb-adv-heading_4f7d58-61\"]{padding-top:0px;margin-top:0px;text-align:center;font-size:25px;line-height:1.3em;font-style:normal;color:#010101;}.wp-block-kadence-advancedheading.kt-adv-heading_4f7d58-61 mark.kt-highlight, .wp-block-kadence-advancedheading.kt-adv-heading_4f7d58-61[data-kb-block=\"kb-adv-heading_4f7d58-61\"] mark.kt-highlight{font-style:normal;color:#f76a0c;-webkit-box-decoration-break:clone;box-decoration-break:clone;padding-top:0px;padding-right:0px;padding-bottom:0px;padding-left:0px;}@media all and (max-width: 767px){.wp-block-kadence-advancedheading.kt-adv-heading_4f7d58-61, .wp-block-kadence-advancedheading.kt-adv-heading_4f7d58-61[data-kb-block=\"kb-adv-heading_4f7d58-61\"]{font-size:30px;}}<\/style>\n<p class=\"kt-adv-heading_4f7d58-61 wp-block-kadence-advancedheading\" data-kb-block=\"kb-adv-heading_4f7d58-61\">Niestety, ten kana\u0142 nie zosta\u0142 jeszcze dodany.<br><br>Nie martw si\u0119, wkr\u00f3tce si\u0119 to zmieni \ud83d\ude42<\/p>\n<\/div><\/div>\n\n\n<style>.kb-row-layout-wrap.wp-block-kadence-rowlayout.kb-row-layout-id_d2dd58-0e{margin-top:0px;margin-bottom:0px;}.kb-row-layout-id_d2dd58-0e > .kt-row-column-wrap{align-content:start;}:where(.kb-row-layout-id_d2dd58-0e > .kt-row-column-wrap) > .wp-block-kadence-column{justify-content:start;}.kb-row-layout-id_d2dd58-0e > .kt-row-column-wrap{column-gap:var(--global-kb-gap-md, 2rem);row-gap:var(--global-kb-gap-md, 2rem);max-width:1140px;margin-left:auto;margin-right:auto;padding-top:120px;padding-right:0px;padding-bottom:120px;padding-left:0px;grid-template-columns:minmax(0, 1fr);}.kb-row-layout-id_d2dd58-0e > .kt-row-layout-overlay{opacity:1;background:linear-gradient(154deg, #2800f8 42%, #ff0052 100%);}@media all and (max-width: 1024px){.kb-row-layout-id_d2dd58-0e > .kt-row-column-wrap{grid-template-columns:minmax(0, 1fr);}}@media all and (max-width: 767px){.kb-row-layout-id_d2dd58-0e > .kt-row-column-wrap{grid-template-columns:minmax(0, 1fr);}}<\/style><div class=\"kb-row-layout-wrap kb-row-layout-id_d2dd58-0e alignnone kt-row-has-bg wp-block-kadence-rowlayout\"><div class=\"kt-row-layout-overlay kt-row-overlay-gradient\"><\/div><div class=\"kt-row-column-wrap kt-has-1-columns kt-row-layout-equal kt-tab-layout-inherit kt-mobile-layout-row kt-row-valign-top\">\n<style>.kadence-column_d00fbe-1a > .kt-inside-inner-col,.kadence-column_d00fbe-1a > .kt-inside-inner-col:before{border-top-left-radius:0px;border-top-right-radius:0px;border-bottom-right-radius:0px;border-bottom-left-radius:0px;}.kadence-column_d00fbe-1a > .kt-inside-inner-col{column-gap:var(--global-kb-gap-sm, 1rem);}.kadence-column_d00fbe-1a > .kt-inside-inner-col{flex-direction:column;}.kadence-column_d00fbe-1a > .kt-inside-inner-col > .aligncenter{width:100%;}.kadence-column_d00fbe-1a > .kt-inside-inner-col:before{opacity:0.3;}.kadence-column_d00fbe-1a{position:relative;}@media all and (max-width: 1024px){.kadence-column_d00fbe-1a > .kt-inside-inner-col{flex-direction:column;}}@media all and (max-width: 767px){.kadence-column_d00fbe-1a > .kt-inside-inner-col{flex-direction:column;}}<\/style>\n<div class=\"wp-block-kadence-column kadence-column_d00fbe-1a inner-column-1\"><div class=\"kt-inside-inner-col\"><style>.wp-block-kadence-advancedheading.kt-adv-heading_b598c8-e1, .wp-block-kadence-advancedheading.kt-adv-heading_b598c8-e1[data-kb-block=\"kb-adv-heading_b598c8-e1\"]{margin-bottom:20px;text-align:center;font-size:60px;line-height:77px;font-style:normal;}.wp-block-kadence-advancedheading.kt-adv-heading_b598c8-e1 mark.kt-highlight, .wp-block-kadence-advancedheading.kt-adv-heading_b598c8-e1[data-kb-block=\"kb-adv-heading_b598c8-e1\"] mark.kt-highlight{font-style:normal;color:#f76a0c;-webkit-box-decoration-break:clone;box-decoration-break:clone;padding-top:0px;padding-right:0px;padding-bottom:0px;padding-left:0px;}@media all and (max-width: 767px){.wp-block-kadence-advancedheading.kt-adv-heading_b598c8-e1, .wp-block-kadence-advancedheading.kt-adv-heading_b598c8-e1[data-kb-block=\"kb-adv-heading_b598c8-e1\"]{font-size:21px;line-height:35px;}}<\/style>\n<h1 class=\"kt-adv-heading_b598c8-e1 wp-block-kadence-advancedheading has-theme-palette-9-color has-text-color\" data-kb-block=\"kb-adv-heading_b598c8-e1\">Gotowy, by opublikowa\u0107<br>ofert\u0119 pracy w Oben Jobs?<\/h1>\n\n\n<style>.wp-block-kadence-spacer.kt-block-spacer-_14e6bd-11 .kt-block-spacer{height:30px;}.wp-block-kadence-spacer.kt-block-spacer-_14e6bd-11 .kt-divider{border-top-width:1px;height:1px;border-top-color:#eee;width:80%;border-top-style:solid;}<\/style>\n<div class=\"wp-block-kadence-spacer aligncenter kt-block-spacer-_14e6bd-11\"><div class=\"kt-block-spacer kt-block-spacer-halign-center\"><\/div><\/div>\n\n\n<style>.wp-block-kadence-advancedbtn.kb-btns_4360b3-cb{gap:0px;justify-content:center;align-items:center;}.kt-btns_4360b3-cb .kt-button{font-weight:normal;font-style:normal;}<\/style>\n<div class=\"wp-block-kadence-advancedbtn kb-buttons-wrap kb-btns_4360b3-cb\"><style>ul.menu .wp-block-kadence-advancedbtn .kb-btn_130db6-3f.kb-button{width:initial;}.wp-block-kadence-advancedbtn .kb-btn_130db6-3f.kb-button{color:#000000;background:var(--global-palette9, #ffffff);font-size:16px;letter-spacing:0.9px;font-family:Poppins;font-weight:600;text-transform:uppercase;border-top-left-radius:50px;border-top-right-radius:50px;border-bottom-right-radius:50px;border-bottom-left-radius:50px;border-top:0px solid #555555;border-right:0px solid #555555;border-bottom:0px solid #555555;border-left:0px solid #555555;padding-top:16px;padding-right:50px;padding-bottom:16px;padding-left:50px;}.wp-block-kadence-advancedbtn .kb-btn_130db6-3f.kb-button:hover, .wp-block-kadence-advancedbtn .kb-btn_130db6-3f.kb-button:focus{color:var(--global-palette5, #4A5568);background:var(--global-palette9, #ffffff);border-top-color:#444444;border-top-style:solid;border-right-color:#444444;border-right-style:solid;border-bottom-color:#444444;border-bottom-style:solid;border-left-color:#444444;border-left-style:solid;}@media all and (max-width: 1024px){.wp-block-kadence-advancedbtn .kb-btn_130db6-3f.kb-button{border-top:0px solid #555555;border-right:0px solid #555555;border-bottom:0px solid #555555;border-left:0px solid #555555;}}@media all and (max-width: 1024px){.wp-block-kadence-advancedbtn .kb-btn_130db6-3f.kb-button:hover, .wp-block-kadence-advancedbtn .kb-btn_130db6-3f.kb-button:focus{border-top-color:#444444;border-top-style:solid;border-right-color:#444444;border-right-style:solid;border-bottom-color:#444444;border-bottom-style:solid;border-left-color:#444444;border-left-style:solid;}}@media all and (max-width: 767px){.wp-block-kadence-advancedbtn .kb-btn_130db6-3f.kb-button{border-top:0px solid #555555;border-right:0px solid #555555;border-bottom:0px solid #555555;border-left:0px solid #555555;}.wp-block-kadence-advancedbtn .kb-btn_130db6-3f.kb-button:hover, .wp-block-kadence-advancedbtn .kb-btn_130db6-3f.kb-button:focus{border-top-color:#444444;border-top-style:solid;border-right-color:#444444;border-right-style:solid;border-bottom-color:#444444;border-bottom-style:solid;border-left-color:#444444;border-left-style:solid;}}<\/style><a class=\"kb-button kt-button button kb-btn_130db6-3f kt-btn-size-standard kt-btn-width-type-auto kb-btn-global-fill kt-btn-has-text-true kt-btn-has-svg-true wp-block-kadence-singlebtn\" href=\"https:\/\/obenjobs.com\/info\/dodaj-ogloszenie\/\"><span class=\"kt-btn-inner-text\">DODAJ OG\u0141OSZENIE<\/span><span class=\"kb-svg-icon-wrap kb-svg-icon-fe_arrowRight kt-btn-icon-side-right\"><svg viewBox=\"0 0 24 24\"  fill=\"none\" stroke=\"currentColor\" stroke-width=\"2\" stroke-linecap=\"round\" stroke-linejoin=\"round\" xmlns=\"http:\/\/www.w3.org\/2000\/svg\"  aria-hidden=\"true\"><line x1=\"5\" y1=\"12\" x2=\"19\" y2=\"12\"\/><polyline points=\"12 5 19 12 12 19\"\/><\/svg><\/span><\/a><\/div>\n<\/div><\/div>\n\n<\/div><\/div>","protected":false},"excerpt":{"rendered":"<p>Niestety, ten kana\u0142 nie zosta\u0142 jeszcze dodany. Nie martw si\u0119, wkr\u00f3tce si\u0119 to zmieni \ud83d\ude42 Gotowy, by opublikowa\u0107ofert\u0119 pracy w Oben Jobs?<\/p>\n","protected":false},"author":2,"featured_media":0,"parent":0,"menu_order":0,"comment_status":"closed","ping_status":"closed","template":"","meta":{"_kadence_starter_templates_imported_post":true,"_kad_post_transparent":"","_kad_post_title":"hide","_kad_post_layout":"fullwidth","_kad_post_sidebar_id":"","_kad_post_content_style":"unboxed","_kad_post_vertical_padding":"hide","_kad_post_feature":"hide","_kad_post_feature_position":"","_kad_post_header":false,"_kad_post_footer":false,"footnotes":""},"class_list":["post-6225","page","type-page","status-publish","hentry"],"yoast_head":"<!-- This site is optimized with the Yoast SEO plugin v27.5 - https:\/\/yoast.com\/product\/yoast-seo-wordpress\/ -->\n<title>Ten kana\u0142 nie zosta\u0142 jeszcze dodany - Oben Jobs<\/title>\n<meta name=\"robots\" content=\"index, follow, max-snippet:-1, max-image-preview:large, max-video-preview:-1\" \/>\n<link rel=\"canonical\" href=\"https:\/\/obenjobs.com\/info\/brak-kanalu\/\" \/>\n<meta name=\"twitter:card\" content=\"summary_large_image\" \/>\n<meta name=\"twitter:title\" content=\"Ten kana\u0142 nie zosta\u0142 jeszcze dodany - Oben Jobs\" \/>\n<meta name=\"twitter:description\" content=\"Niestety, ten kana\u0142 nie zosta\u0142 jeszcze dodany. Nie martw si\u0119, wkr\u00f3tce si\u0119 to zmieni \ud83d\ude42 Gotowy, by opublikowa\u0107ofert\u0119 pracy w Oben Jobs?\" \/>\n<meta name=\"twitter:label1\" content=\"Szacowany czas czytania\" \/>\n\t<meta name=\"twitter:data1\" content=\"1 minuta\" \/>\n<script type=\"application\/ld+json\" class=\"yoast-schema-graph\">{\"@context\":\"https:\\\/\\\/schema.org\",\"@graph\":[{\"@type\":\"WebPage\",\"@id\":\"https:\\\/\\\/obenjobs.com\\\/info\\\/brak-kanalu\\\/\",\"url\":\"https:\\\/\\\/obenjobs.com\\\/info\\\/brak-kanalu\\\/\",\"name\":\"Ten kana\u0142 nie zosta\u0142 jeszcze dodany - Oben Jobs\",\"isPartOf\":{\"@id\":\"https:\\\/\\\/obenjobs.com\\\/info\\\/#website\"},\"datePublished\":\"2022-10-21T10:45:11+00:00\",\"dateModified\":\"2023-07-08T23:35:49+00:00\",\"breadcrumb\":{\"@id\":\"https:\\\/\\\/obenjobs.com\\\/info\\\/brak-kanalu\\\/#breadcrumb\"},\"inLanguage\":\"pl-PL\",\"potentialAction\":[{\"@type\":\"ReadAction\",\"target\":[\"https:\\\/\\\/obenjobs.com\\\/info\\\/brak-kanalu\\\/\"]}]},{\"@type\":\"BreadcrumbList\",\"@id\":\"https:\\\/\\\/obenjobs.com\\\/info\\\/brak-kanalu\\\/#breadcrumb\",\"itemListElement\":[{\"@type\":\"ListItem\",\"position\":1,\"name\":\"Strona g\u0142\u00f3wna\",\"item\":\"https:\\\/\\\/obenjobs.com\\\/info\\\/\"},{\"@type\":\"ListItem\",\"position\":2,\"name\":\"Ten kana\u0142 nie zosta\u0142 jeszcze dodany\"}]},{\"@type\":\"WebSite\",\"@id\":\"https:\\\/\\\/obenjobs.com\\\/info\\\/#website\",\"url\":\"https:\\\/\\\/obenjobs.com\\\/info\\\/\",\"name\":\"Oben Jobs\",\"description\":\"Nowy portal pracy dla wszystkich\",\"publisher\":{\"@id\":\"https:\\\/\\\/obenjobs.com\\\/info\\\/#organization\"},\"potentialAction\":[{\"@type\":\"SearchAction\",\"target\":{\"@type\":\"EntryPoint\",\"urlTemplate\":\"https:\\\/\\\/obenjobs.com\\\/info\\\/?s={search_term_string}\"},\"query-input\":{\"@type\":\"PropertyValueSpecification\",\"valueRequired\":true,\"valueName\":\"search_term_string\"}}],\"inLanguage\":\"pl-PL\"},{\"@type\":\"Organization\",\"@id\":\"https:\\\/\\\/obenjobs.com\\\/info\\\/#organization\",\"name\":\"OBEN JOBS POLSKA\",\"url\":\"https:\\\/\\\/obenjobs.com\\\/info\\\/\",\"logo\":{\"@type\":\"ImageObject\",\"inLanguage\":\"pl-PL\",\"@id\":\"https:\\\/\\\/obenjobs.com\\\/info\\\/#\\\/schema\\\/logo\\\/image\\\/\",\"url\":\"https:\\\/\\\/obenjobs.com\\\/info\\\/wp-content\\\/uploads\\\/2022\\\/06\\\/obenjobs-czarny.png\",\"contentUrl\":\"https:\\\/\\\/obenjobs.com\\\/info\\\/wp-content\\\/uploads\\\/2022\\\/06\\\/obenjobs-czarny.png\",\"width\":1908,\"height\":178,\"caption\":\"OBEN JOBS POLSKA\"},\"image\":{\"@id\":\"https:\\\/\\\/obenjobs.com\\\/info\\\/#\\\/schema\\\/logo\\\/image\\\/\"}}]}<\/script>\n<!-- \/ Yoast SEO plugin. -->","yoast_head_json":{"title":"Ten kana\u0142 nie zosta\u0142 jeszcze dodany - Oben Jobs","robots":{"index":"index","follow":"follow","max-snippet":"max-snippet:-1","max-image-preview":"max-image-preview:large","max-video-preview":"max-video-preview:-1"},"canonical":"https:\/\/obenjobs.com\/info\/brak-kanalu\/","twitter_card":"summary_large_image","twitter_title":"Ten kana\u0142 nie zosta\u0142 jeszcze dodany - Oben Jobs","twitter_description":"Niestety, ten kana\u0142 nie zosta\u0142 jeszcze dodany. Nie martw si\u0119, wkr\u00f3tce si\u0119 to zmieni \ud83d\ude42 Gotowy, by opublikowa\u0107ofert\u0119 pracy w Oben Jobs?","twitter_misc":{"Szacowany czas czytania":"1 minuta"},"schema":{"@context":"https:\/\/schema.org","@graph":[{"@type":"WebPage","@id":"https:\/\/obenjobs.com\/info\/brak-kanalu\/","url":"https:\/\/obenjobs.com\/info\/brak-kanalu\/","name":"Ten kana\u0142 nie zosta\u0142 jeszcze dodany - Oben Jobs","isPartOf":{"@id":"https:\/\/obenjobs.com\/info\/#website"},"datePublished":"2022-10-21T10:45:11+00:00","dateModified":"2023-07-08T23:35:49+00:00","breadcrumb":{"@id":"https:\/\/obenjobs.com\/info\/brak-kanalu\/#breadcrumb"},"inLanguage":"pl-PL","potentialAction":[{"@type":"ReadAction","target":["https:\/\/obenjobs.com\/info\/brak-kanalu\/"]}]},{"@type":"BreadcrumbList","@id":"https:\/\/obenjobs.com\/info\/brak-kanalu\/#breadcrumb","itemListElement":[{"@type":"ListItem","position":1,"name":"Strona g\u0142\u00f3wna","item":"https:\/\/obenjobs.com\/info\/"},{"@type":"ListItem","position":2,"name":"Ten kana\u0142 nie zosta\u0142 jeszcze dodany"}]},{"@type":"WebSite","@id":"https:\/\/obenjobs.com\/info\/#website","url":"https:\/\/obenjobs.com\/info\/","name":"Oben Jobs","description":"Nowy portal pracy dla wszystkich","publisher":{"@id":"https:\/\/obenjobs.com\/info\/#organization"},"potentialAction":[{"@type":"SearchAction","target":{"@type":"EntryPoint","urlTemplate":"https:\/\/obenjobs.com\/info\/?s={search_term_string}"},"query-input":{"@type":"PropertyValueSpecification","valueRequired":true,"valueName":"search_term_string"}}],"inLanguage":"pl-PL"},{"@type":"Organization","@id":"https:\/\/obenjobs.com\/info\/#organization","name":"OBEN JOBS POLSKA","url":"https:\/\/obenjobs.com\/info\/","logo":{"@type":"ImageObject","inLanguage":"pl-PL","@id":"https:\/\/obenjobs.com\/info\/#\/schema\/logo\/image\/","url":"https:\/\/obenjobs.com\/info\/wp-content\/uploads\/2022\/06\/obenjobs-czarny.png","contentUrl":"https:\/\/obenjobs.com\/info\/wp-content\/uploads\/2022\/06\/obenjobs-czarny.png","width":1908,"height":178,"caption":"OBEN JOBS POLSKA"},"image":{"@id":"https:\/\/obenjobs.com\/info\/#\/schema\/logo\/image\/"}}]}},"_links":{"self":[{"href":"https:\/\/obenjobs.com\/info\/wp-json\/wp\/v2\/pages\/6225","targetHints":{"allow":["GET"]}}],"collection":[{"href":"https:\/\/obenjobs.com\/info\/wp-json\/wp\/v2\/pages"}],"about":[{"href":"https:\/\/obenjobs.com\/info\/wp-json\/wp\/v2\/types\/page"}],"author":[{"embeddable":true,"href":"https:\/\/obenjobs.com\/info\/wp-json\/wp\/v2\/users\/2"}],"replies":[{"embeddable":true,"href":"https:\/\/obenjobs.com\/info\/wp-json\/wp\/v2\/comments?post=6225"}],"version-history":[{"count":0,"href":"https:\/\/obenjobs.com\/info\/wp-json\/wp\/v2\/pages\/6225\/revisions"}],"wp:attachment":[{"href":"https:\/\/obenjobs.com\/info\/wp-json\/wp\/v2\/media?parent=6225"}],"curies":[{"name":"wp","href":"https:\/\/api.w.org\/{rel}","templated":true}]}}