
{"id":7494,"date":"2022-11-22T13:40:31","date_gmt":"2022-11-22T13:40:31","guid":{"rendered":"https:\/\/obenjobs.com\/info\/?page_id=7494"},"modified":"2023-12-06T23:38:01","modified_gmt":"2023-12-06T22:38:01","slug":"potwierdzono-oferte","status":"publish","type":"page","link":"https:\/\/obenjobs.com\/info\/potwierdzono-oferte\/","title":{"rendered":"Adres e-mail zosta\u0142 potwierdzony!"},"content":{"rendered":"<style>.kb-row-layout-id7494_c63507-48 > .kt-row-column-wrap{align-content:start;}:where(.kb-row-layout-id7494_c63507-48 > .kt-row-column-wrap) > .wp-block-kadence-column{justify-content:start;}.kb-row-layout-id7494_c63507-48 > .kt-row-column-wrap{column-gap:var(--global-kb-gap-md, 2rem);row-gap:var(--global-kb-gap-md, 2rem);padding-top:100px;padding-right:100px;padding-bottom:100px;padding-left:100px;grid-template-columns:minmax(0, 1fr);}.kb-row-layout-id7494_c63507-48 > .kt-row-layout-overlay{opacity:0.30;}@media all and (max-width: 1024px){.kb-row-layout-id7494_c63507-48 > .kt-row-column-wrap{grid-template-columns:minmax(0, 1fr);}}@media all and (max-width: 767px){.kb-row-layout-id7494_c63507-48 > .kt-row-column-wrap{padding-top:50px;padding-right:15px;padding-bottom:50px;padding-left:15px;grid-template-columns:minmax(0, 1fr);}}<\/style><div class=\"kb-row-layout-wrap kb-row-layout-id7494_c63507-48 alignnone has-theme-palette9-background-color kt-row-has-bg wp-block-kadence-rowlayout\"><div class=\"kt-row-column-wrap kt-has-1-columns kt-row-layout-equal kt-tab-layout-inherit kt-mobile-layout-row kt-row-valign-top\">\n<style>.kadence-column7494_5ef7c3-5c > .kt-inside-inner-col,.kadence-column7494_5ef7c3-5c > .kt-inside-inner-col:before{border-top-left-radius:0px;border-top-right-radius:0px;border-bottom-right-radius:0px;border-bottom-left-radius:0px;}.kadence-column7494_5ef7c3-5c > .kt-inside-inner-col{column-gap:var(--global-kb-gap-sm, 1rem);}.kadence-column7494_5ef7c3-5c > .kt-inside-inner-col{flex-direction:column;}.kadence-column7494_5ef7c3-5c > .kt-inside-inner-col > .aligncenter{width:100%;}.kadence-column7494_5ef7c3-5c > .kt-inside-inner-col:before{opacity:0.3;}.kadence-column7494_5ef7c3-5c{position:relative;}@media all and (max-width: 1024px){.kadence-column7494_5ef7c3-5c > .kt-inside-inner-col{flex-direction:column;}}@media all and (max-width: 767px){.kadence-column7494_5ef7c3-5c > .kt-inside-inner-col{flex-direction:column;}}<\/style>\n<div class=\"wp-block-kadence-column kadence-column7494_5ef7c3-5c\"><div class=\"kt-inside-inner-col\"><style>.kb-image7494_093ad4-48.kb-image-is-ratio-size, .kb-image7494_093ad4-48 .kb-image-is-ratio-size{max-width:464px;width:100%;}.wp-block-kadence-column > .kt-inside-inner-col > .kb-image7494_093ad4-48.kb-image-is-ratio-size, .wp-block-kadence-column > .kt-inside-inner-col > .kb-image7494_093ad4-48 .kb-image-is-ratio-size{align-self:unset;}.kb-image7494_093ad4-48 figure{max-width:464px;}.kb-image7494_093ad4-48 .image-is-svg, .kb-image7494_093ad4-48 .image-is-svg img{width:100%;}.kb-image7494_093ad4-48 .kb-image-has-overlay:after{opacity:0.3;}<\/style>\n<div class=\"wp-block-kadence-image kb-image7494_093ad4-48\"><figure class=\"aligncenter size-large kb-image-is-ratio-size\"><div class=\"kb-is-ratio-image kb-image-ratio-land43\"><img loading=\"lazy\" decoding=\"async\" width=\"1024\" height=\"1024\" src=\"https:\/\/obenjobs.com\/info\/wp-content\/uploads\/2023\/12\/DrawKit-Vector-Illustration-Fun-Playful-Finn-Character-5-min-min-1024x1024.png\" alt=\"\" class=\"kb-img wp-image-16273\" srcset=\"https:\/\/obenjobs.com\/info\/wp-content\/uploads\/2023\/12\/DrawKit-Vector-Illustration-Fun-Playful-Finn-Character-5-min-min-1024x1024.png 1024w, https:\/\/obenjobs.com\/info\/wp-content\/uploads\/2023\/12\/DrawKit-Vector-Illustration-Fun-Playful-Finn-Character-5-min-min-300x300.png 300w, https:\/\/obenjobs.com\/info\/wp-content\/uploads\/2023\/12\/DrawKit-Vector-Illustration-Fun-Playful-Finn-Character-5-min-min-150x150.png 150w, https:\/\/obenjobs.com\/info\/wp-content\/uploads\/2023\/12\/DrawKit-Vector-Illustration-Fun-Playful-Finn-Character-5-min-min-768x768.png 768w, https:\/\/obenjobs.com\/info\/wp-content\/uploads\/2023\/12\/DrawKit-Vector-Illustration-Fun-Playful-Finn-Character-5-min-min-1536x1536.png 1536w, https:\/\/obenjobs.com\/info\/wp-content\/uploads\/2023\/12\/DrawKit-Vector-Illustration-Fun-Playful-Finn-Character-5-min-min-2048x2048.png 2048w\" sizes=\"auto, (max-width: 1024px) 100vw, 1024px\" \/><\/div><\/figure><\/div>\n\n\n<style>.wp-block-kadence-advancedheading.kt-adv-heading7494_bb7672-e8, .wp-block-kadence-advancedheading.kt-adv-heading7494_bb7672-e8[data-kb-block=\"kb-adv-heading7494_bb7672-e8\"]{padding-top:0px;margin-top:0px;text-align:center;font-size:40px;line-height:1.3em;font-weight:400;font-style:normal;font-family:Poppins;color:#1d0e96;}.wp-block-kadence-advancedheading.kt-adv-heading7494_bb7672-e8 mark.kt-highlight, .wp-block-kadence-advancedheading.kt-adv-heading7494_bb7672-e8[data-kb-block=\"kb-adv-heading7494_bb7672-e8\"] mark.kt-highlight{font-style:normal;color:#f76a0c;-webkit-box-decoration-break:clone;box-decoration-break:clone;padding-top:0px;padding-right:0px;padding-bottom:0px;padding-left:0px;}@media all and (max-width: 1024px){.wp-block-kadence-advancedheading.kt-adv-heading7494_bb7672-e8, .wp-block-kadence-advancedheading.kt-adv-heading7494_bb7672-e8[data-kb-block=\"kb-adv-heading7494_bb7672-e8\"]{font-size:30px;}}@media all and (max-width: 767px){.wp-block-kadence-advancedheading.kt-adv-heading7494_bb7672-e8, .wp-block-kadence-advancedheading.kt-adv-heading7494_bb7672-e8[data-kb-block=\"kb-adv-heading7494_bb7672-e8\"]{font-size:25px;}}<\/style>\n<p class=\"kt-adv-heading7494_bb7672-e8 wp-block-kadence-advancedheading\" data-kb-block=\"kb-adv-heading7494_bb7672-e8\">Tw\u00f3j adres e-mail zosta\u0142 potwierdzony!<\/p>\n<\/div><\/div>\n\n<\/div><\/div>","protected":false},"excerpt":{"rendered":"<p>Tw\u00f3j adres e-mail zosta\u0142 potwierdzony!<\/p>\n","protected":false},"author":2,"featured_media":0,"parent":0,"menu_order":0,"comment_status":"closed","ping_status":"closed","template":"","meta":{"_kadence_starter_templates_imported_post":true,"_kad_post_transparent":"","_kad_post_title":"hide","_kad_post_layout":"fullwidth","_kad_post_sidebar_id":"","_kad_post_content_style":"unboxed","_kad_post_vertical_padding":"hide","_kad_post_feature":"hide","_kad_post_feature_position":"","_kad_post_header":false,"_kad_post_footer":false,"footnotes":""},"class_list":["post-7494","page","type-page","status-publish","hentry"],"yoast_head":"<!-- This site is optimized with the Yoast SEO plugin v27.5 - https:\/\/yoast.com\/product\/yoast-seo-wordpress\/ -->\n<title>Adres e-mail zosta\u0142 potwierdzony! - Oben Jobs<\/title>\n<meta name=\"robots\" content=\"index, follow, max-snippet:-1, max-image-preview:large, max-video-preview:-1\" \/>\n<link rel=\"canonical\" href=\"https:\/\/obenjobs.com\/info\/potwierdzono-oferte\/\" \/>\n<meta name=\"twitter:card\" content=\"summary_large_image\" \/>\n<meta name=\"twitter:title\" content=\"Adres e-mail zosta\u0142 potwierdzony! - Oben Jobs\" \/>\n<meta name=\"twitter:description\" content=\"Tw\u00f3j adres e-mail zosta\u0142 potwierdzony!\" \/>\n<meta name=\"twitter:image\" content=\"https:\/\/obenjobs.com\/info\/wp-content\/uploads\/2023\/12\/DrawKit-Vector-Illustration-Fun-Playful-Finn-Character-5-min-min.png\" \/>\n<meta name=\"twitter:label1\" content=\"Szacowany czas czytania\" \/>\n\t<meta name=\"twitter:data1\" content=\"1 minuta\" \/>\n<script type=\"application\/ld+json\" class=\"yoast-schema-graph\">{\"@context\":\"https:\\\/\\\/schema.org\",\"@graph\":[{\"@type\":\"WebPage\",\"@id\":\"https:\\\/\\\/obenjobs.com\\\/info\\\/potwierdzono-oferte\\\/\",\"url\":\"https:\\\/\\\/obenjobs.com\\\/info\\\/potwierdzono-oferte\\\/\",\"name\":\"Adres e-mail zosta\u0142 potwierdzony! - Oben Jobs\",\"isPartOf\":{\"@id\":\"https:\\\/\\\/obenjobs.com\\\/info\\\/#website\"},\"primaryImageOfPage\":{\"@id\":\"https:\\\/\\\/obenjobs.com\\\/info\\\/potwierdzono-oferte\\\/#primaryimage\"},\"image\":{\"@id\":\"https:\\\/\\\/obenjobs.com\\\/info\\\/potwierdzono-oferte\\\/#primaryimage\"},\"thumbnailUrl\":\"https:\\\/\\\/obenjobs.com\\\/info\\\/wp-content\\\/uploads\\\/2023\\\/12\\\/DrawKit-Vector-Illustration-Fun-Playful-Finn-Character-5-min-min-1024x1024.png\",\"datePublished\":\"2022-11-22T13:40:31+00:00\",\"dateModified\":\"2023-12-06T22:38:01+00:00\",\"breadcrumb\":{\"@id\":\"https:\\\/\\\/obenjobs.com\\\/info\\\/potwierdzono-oferte\\\/#breadcrumb\"},\"inLanguage\":\"pl-PL\",\"potentialAction\":[{\"@type\":\"ReadAction\",\"target\":[\"https:\\\/\\\/obenjobs.com\\\/info\\\/potwierdzono-oferte\\\/\"]}]},{\"@type\":\"ImageObject\",\"inLanguage\":\"pl-PL\",\"@id\":\"https:\\\/\\\/obenjobs.com\\\/info\\\/potwierdzono-oferte\\\/#primaryimage\",\"url\":\"https:\\\/\\\/obenjobs.com\\\/info\\\/wp-content\\\/uploads\\\/2023\\\/12\\\/DrawKit-Vector-Illustration-Fun-Playful-Finn-Character-5-min-min.png\",\"contentUrl\":\"https:\\\/\\\/obenjobs.com\\\/info\\\/wp-content\\\/uploads\\\/2023\\\/12\\\/DrawKit-Vector-Illustration-Fun-Playful-Finn-Character-5-min-min.png\",\"width\":4168,\"height\":4167},{\"@type\":\"BreadcrumbList\",\"@id\":\"https:\\\/\\\/obenjobs.com\\\/info\\\/potwierdzono-oferte\\\/#breadcrumb\",\"itemListElement\":[{\"@type\":\"ListItem\",\"position\":1,\"name\":\"Strona g\u0142\u00f3wna\",\"item\":\"https:\\\/\\\/obenjobs.com\\\/info\\\/\"},{\"@type\":\"ListItem\",\"position\":2,\"name\":\"Adres e-mail zosta\u0142 potwierdzony!\"}]},{\"@type\":\"WebSite\",\"@id\":\"https:\\\/\\\/obenjobs.com\\\/info\\\/#website\",\"url\":\"https:\\\/\\\/obenjobs.com\\\/info\\\/\",\"name\":\"Oben Jobs\",\"description\":\"Nowy portal pracy dla wszystkich\",\"publisher\":{\"@id\":\"https:\\\/\\\/obenjobs.com\\\/info\\\/#organization\"},\"potentialAction\":[{\"@type\":\"SearchAction\",\"target\":{\"@type\":\"EntryPoint\",\"urlTemplate\":\"https:\\\/\\\/obenjobs.com\\\/info\\\/?s={search_term_string}\"},\"query-input\":{\"@type\":\"PropertyValueSpecification\",\"valueRequired\":true,\"valueName\":\"search_term_string\"}}],\"inLanguage\":\"pl-PL\"},{\"@type\":\"Organization\",\"@id\":\"https:\\\/\\\/obenjobs.com\\\/info\\\/#organization\",\"name\":\"OBEN JOBS POLSKA\",\"url\":\"https:\\\/\\\/obenjobs.com\\\/info\\\/\",\"logo\":{\"@type\":\"ImageObject\",\"inLanguage\":\"pl-PL\",\"@id\":\"https:\\\/\\\/obenjobs.com\\\/info\\\/#\\\/schema\\\/logo\\\/image\\\/\",\"url\":\"https:\\\/\\\/obenjobs.com\\\/info\\\/wp-content\\\/uploads\\\/2022\\\/06\\\/obenjobs-czarny.png\",\"contentUrl\":\"https:\\\/\\\/obenjobs.com\\\/info\\\/wp-content\\\/uploads\\\/2022\\\/06\\\/obenjobs-czarny.png\",\"width\":1908,\"height\":178,\"caption\":\"OBEN JOBS POLSKA\"},\"image\":{\"@id\":\"https:\\\/\\\/obenjobs.com\\\/info\\\/#\\\/schema\\\/logo\\\/image\\\/\"}}]}<\/script>\n<!-- \/ Yoast SEO plugin. -->","yoast_head_json":{"title":"Adres e-mail zosta\u0142 potwierdzony! - Oben Jobs","robots":{"index":"index","follow":"follow","max-snippet":"max-snippet:-1","max-image-preview":"max-image-preview:large","max-video-preview":"max-video-preview:-1"},"canonical":"https:\/\/obenjobs.com\/info\/potwierdzono-oferte\/","twitter_card":"summary_large_image","twitter_title":"Adres e-mail zosta\u0142 potwierdzony! - Oben Jobs","twitter_description":"Tw\u00f3j adres e-mail zosta\u0142 potwierdzony!","twitter_image":"https:\/\/obenjobs.com\/info\/wp-content\/uploads\/2023\/12\/DrawKit-Vector-Illustration-Fun-Playful-Finn-Character-5-min-min.png","twitter_misc":{"Szacowany czas czytania":"1 minuta"},"schema":{"@context":"https:\/\/schema.org","@graph":[{"@type":"WebPage","@id":"https:\/\/obenjobs.com\/info\/potwierdzono-oferte\/","url":"https:\/\/obenjobs.com\/info\/potwierdzono-oferte\/","name":"Adres e-mail zosta\u0142 potwierdzony! - Oben Jobs","isPartOf":{"@id":"https:\/\/obenjobs.com\/info\/#website"},"primaryImageOfPage":{"@id":"https:\/\/obenjobs.com\/info\/potwierdzono-oferte\/#primaryimage"},"image":{"@id":"https:\/\/obenjobs.com\/info\/potwierdzono-oferte\/#primaryimage"},"thumbnailUrl":"https:\/\/obenjobs.com\/info\/wp-content\/uploads\/2023\/12\/DrawKit-Vector-Illustration-Fun-Playful-Finn-Character-5-min-min-1024x1024.png","datePublished":"2022-11-22T13:40:31+00:00","dateModified":"2023-12-06T22:38:01+00:00","breadcrumb":{"@id":"https:\/\/obenjobs.com\/info\/potwierdzono-oferte\/#breadcrumb"},"inLanguage":"pl-PL","potentialAction":[{"@type":"ReadAction","target":["https:\/\/obenjobs.com\/info\/potwierdzono-oferte\/"]}]},{"@type":"ImageObject","inLanguage":"pl-PL","@id":"https:\/\/obenjobs.com\/info\/potwierdzono-oferte\/#primaryimage","url":"https:\/\/obenjobs.com\/info\/wp-content\/uploads\/2023\/12\/DrawKit-Vector-Illustration-Fun-Playful-Finn-Character-5-min-min.png","contentUrl":"https:\/\/obenjobs.com\/info\/wp-content\/uploads\/2023\/12\/DrawKit-Vector-Illustration-Fun-Playful-Finn-Character-5-min-min.png","width":4168,"height":4167},{"@type":"BreadcrumbList","@id":"https:\/\/obenjobs.com\/info\/potwierdzono-oferte\/#breadcrumb","itemListElement":[{"@type":"ListItem","position":1,"name":"Strona g\u0142\u00f3wna","item":"https:\/\/obenjobs.com\/info\/"},{"@type":"ListItem","position":2,"name":"Adres e-mail zosta\u0142 potwierdzony!"}]},{"@type":"WebSite","@id":"https:\/\/obenjobs.com\/info\/#website","url":"https:\/\/obenjobs.com\/info\/","name":"Oben Jobs","description":"Nowy portal pracy dla wszystkich","publisher":{"@id":"https:\/\/obenjobs.com\/info\/#organization"},"potentialAction":[{"@type":"SearchAction","target":{"@type":"EntryPoint","urlTemplate":"https:\/\/obenjobs.com\/info\/?s={search_term_string}"},"query-input":{"@type":"PropertyValueSpecification","valueRequired":true,"valueName":"search_term_string"}}],"inLanguage":"pl-PL"},{"@type":"Organization","@id":"https:\/\/obenjobs.com\/info\/#organization","name":"OBEN JOBS POLSKA","url":"https:\/\/obenjobs.com\/info\/","logo":{"@type":"ImageObject","inLanguage":"pl-PL","@id":"https:\/\/obenjobs.com\/info\/#\/schema\/logo\/image\/","url":"https:\/\/obenjobs.com\/info\/wp-content\/uploads\/2022\/06\/obenjobs-czarny.png","contentUrl":"https:\/\/obenjobs.com\/info\/wp-content\/uploads\/2022\/06\/obenjobs-czarny.png","width":1908,"height":178,"caption":"OBEN JOBS POLSKA"},"image":{"@id":"https:\/\/obenjobs.com\/info\/#\/schema\/logo\/image\/"}}]}},"_links":{"self":[{"href":"https:\/\/obenjobs.com\/info\/wp-json\/wp\/v2\/pages\/7494","targetHints":{"allow":["GET"]}}],"collection":[{"href":"https:\/\/obenjobs.com\/info\/wp-json\/wp\/v2\/pages"}],"about":[{"href":"https:\/\/obenjobs.com\/info\/wp-json\/wp\/v2\/types\/page"}],"author":[{"embeddable":true,"href":"https:\/\/obenjobs.com\/info\/wp-json\/wp\/v2\/users\/2"}],"replies":[{"embeddable":true,"href":"https:\/\/obenjobs.com\/info\/wp-json\/wp\/v2\/comments?post=7494"}],"version-history":[{"count":15,"href":"https:\/\/obenjobs.com\/info\/wp-json\/wp\/v2\/pages\/7494\/revisions"}],"predecessor-version":[{"id":16600,"href":"https:\/\/obenjobs.com\/info\/wp-json\/wp\/v2\/pages\/7494\/revisions\/16600"}],"wp:attachment":[{"href":"https:\/\/obenjobs.com\/info\/wp-json\/wp\/v2\/media?parent=7494"}],"curies":[{"name":"wp","href":"https:\/\/api.w.org\/{rel}","templated":true}]}}