
{"id":3300,"date":"2024-07-18T23:11:32","date_gmt":"2024-07-18T21:11:32","guid":{"rendered":"https:\/\/obenjobs.com\/kariera\/oferty-pracy\/"},"modified":"2024-07-19T18:09:08","modified_gmt":"2024-07-19T16:09:08","slug":"oferty-pracy","status":"publish","type":"page","link":"https:\/\/obenjobs.com\/kariera\/oferty-pracy\/","title":{"rendered":"Oferty pracy z zewn\u0119trznych platform rekrutacyjnych"},"content":{"rendered":"<div class=\"job_listings\" data-location=\"\" data-keywords=\"\" data-show_filters=\"true\" data-show_pagination=\"false\" data-per_page=\"150\" data-orderby=\"featured\" data-order=\"DESC\" data-categories=\"\" data-disable-form-state-storage=\"\" data-featured_first=\"false\" data-post_id=\"3300\" >\n<form class=\"job_filters\">\n\t\n\t<div class=\"search_jobs\">\n\t\t\n\t\t<div class=\"search_keywords\">\n\t\t\t<label for=\"search_keywords\">S\u0142owa kluczowe<\/label>\n\t\t\t<input type=\"text\" name=\"search_keywords\" id=\"search_keywords\" placeholder=\"S\u0142owa kluczowe\" value=\"\" \/>\n\t\t<\/div>\n\n\t\t<div class=\"search_location\">\n\t\t\t<label for=\"search_location\">Lokalizacja<\/label>\n\t\t\t<input type=\"text\" name=\"search_location\" id=\"search_location\" placeholder=\"Lokalizacja\" value=\"\" \/>\n\t\t<\/div>\n\n\t\t\n\t\t<div style=\"clear: both\"><\/div>\n\n\t\t\n\t\t\t\t\t<div class=\"search_submit\">\n\t\t\t\t<input type=\"submit\" value=\"Szukanie ofert pracy\">\n\t\t\t<\/div>\n\t\t\n\t\t\t<\/div>\n\n\t\t<ul class=\"job_types\">\n\t\t\t<\/ul>\n\t<input type=\"hidden\" name=\"filter_job_type[]\" value=\"\" \/>\n<div class=\"showing_jobs\"><\/div><\/form>\n\n\n<noscript>Twoja przegl\u0105darka nie obs\u0142uguje JavaScript lub zosta\u0142a ona w\u0142\u0105czona. JavaScript musi by\u0107 w\u0142\u0105czony aby wy\u015bwietla\u0107 og\u0142oszenia.<\/noscript>\n<ul class=\"job_listings\">\n<\/ul>\n<a class=\"load_more_jobs\" href=\"#\" style=\"display:none;\"><strong>Za\u0142aduj wi\u0119cej ofert<\/strong><\/a><\/div>\n","protected":false},"excerpt":{"rendered":"","protected":false},"author":1,"featured_media":0,"parent":0,"menu_order":0,"comment_status":"closed","ping_status":"closed","template":"","meta":{"_kad_post_transparent":"","_kad_post_title":"","_kad_post_layout":"","_kad_post_sidebar_id":"","_kad_post_content_style":"","_kad_post_vertical_padding":"","_kad_post_feature":"","_kad_post_feature_position":"","_kad_post_header":false,"_kad_post_footer":false,"footnotes":""},"class_list":["post-3300","page","type-page","status-publish","hentry"],"yoast_head":"<!-- This site is optimized with the Yoast SEO plugin v27.5 - https:\/\/yoast.com\/product\/yoast-seo-wordpress\/ -->\n<title>Oferty pracy z zewn\u0119trznych platform rekrutacyjnych - Oben Jobs - Centrum Kariery<\/title>\n<meta name=\"robots\" content=\"index, follow, max-snippet:-1, max-image-preview:large, max-video-preview:-1\" \/>\n<link rel=\"canonical\" href=\"https:\/\/obenjobs.com\/kariera\/oferty-pracy\/\" \/>\n<meta property=\"og:locale\" content=\"pl_PL\" \/>\n<meta property=\"og:type\" content=\"article\" \/>\n<meta property=\"og:title\" content=\"Oferty pracy z zewn\u0119trznych platform rekrutacyjnych - Oben Jobs - Centrum Kariery\" \/>\n<meta property=\"og:url\" content=\"https:\/\/obenjobs.com\/kariera\/oferty-pracy\/\" \/>\n<meta property=\"og:site_name\" content=\"Oben Jobs - Centrum Kariery\" \/>\n<meta property=\"article:modified_time\" content=\"2024-07-19T16:09:08+00:00\" \/>\n<meta name=\"twitter:card\" content=\"summary_large_image\" \/>\n<script type=\"application\/ld+json\" class=\"yoast-schema-graph\">{\"@context\":\"https:\\\/\\\/schema.org\",\"@graph\":[{\"@type\":\"WebPage\",\"@id\":\"https:\\\/\\\/obenjobs.com\\\/kariera\\\/oferty-pracy\\\/\",\"url\":\"https:\\\/\\\/obenjobs.com\\\/kariera\\\/oferty-pracy\\\/\",\"name\":\"Oferty pracy z zewn\u0119trznych platform rekrutacyjnych - Oben Jobs - Centrum Kariery\",\"isPartOf\":{\"@id\":\"https:\\\/\\\/obenjobs.com\\\/kariera\\\/#website\"},\"datePublished\":\"2024-07-18T21:11:32+00:00\",\"dateModified\":\"2024-07-19T16:09:08+00:00\",\"breadcrumb\":{\"@id\":\"https:\\\/\\\/obenjobs.com\\\/kariera\\\/oferty-pracy\\\/#breadcrumb\"},\"inLanguage\":\"pl-PL\",\"potentialAction\":[{\"@type\":\"ReadAction\",\"target\":[\"https:\\\/\\\/obenjobs.com\\\/kariera\\\/oferty-pracy\\\/\"]}]},{\"@type\":\"BreadcrumbList\",\"@id\":\"https:\\\/\\\/obenjobs.com\\\/kariera\\\/oferty-pracy\\\/#breadcrumb\",\"itemListElement\":[{\"@type\":\"ListItem\",\"position\":1,\"name\":\"Strona g\u0142\u00f3wna\",\"item\":\"https:\\\/\\\/obenjobs.com\\\/kariera\\\/\"},{\"@type\":\"ListItem\",\"position\":2,\"name\":\"Oferty pracy z zewn\u0119trznych platform rekrutacyjnych\"}]},{\"@type\":\"WebSite\",\"@id\":\"https:\\\/\\\/obenjobs.com\\\/kariera\\\/#website\",\"url\":\"https:\\\/\\\/obenjobs.com\\\/kariera\\\/\",\"name\":\"Oben Jobs - Centrum Kariery\",\"description\":\"Nowy portal pracy dla wszystkich\",\"publisher\":{\"@id\":\"https:\\\/\\\/obenjobs.com\\\/kariera\\\/#organization\"},\"potentialAction\":[{\"@type\":\"SearchAction\",\"target\":{\"@type\":\"EntryPoint\",\"urlTemplate\":\"https:\\\/\\\/obenjobs.com\\\/kariera\\\/?s={search_term_string}\"},\"query-input\":{\"@type\":\"PropertyValueSpecification\",\"valueRequired\":true,\"valueName\":\"search_term_string\"}}],\"inLanguage\":\"pl-PL\"},{\"@type\":\"Organization\",\"@id\":\"https:\\\/\\\/obenjobs.com\\\/kariera\\\/#organization\",\"name\":\"OBEN JOBS POLSKA BLOG\",\"url\":\"https:\\\/\\\/obenjobs.com\\\/kariera\\\/\",\"logo\":{\"@type\":\"ImageObject\",\"inLanguage\":\"pl-PL\",\"@id\":\"https:\\\/\\\/obenjobs.com\\\/kariera\\\/#\\\/schema\\\/logo\\\/image\\\/\",\"url\":\"https:\\\/\\\/obenjobs.com\\\/kariera\\\/wp-content\\\/uploads\\\/2022\\\/06\\\/obenjobs-czarny.png\",\"contentUrl\":\"https:\\\/\\\/obenjobs.com\\\/kariera\\\/wp-content\\\/uploads\\\/2022\\\/06\\\/obenjobs-czarny.png\",\"width\":1908,\"height\":178,\"caption\":\"OBEN JOBS POLSKA BLOG\"},\"image\":{\"@id\":\"https:\\\/\\\/obenjobs.com\\\/kariera\\\/#\\\/schema\\\/logo\\\/image\\\/\"}}]}<\/script>\n<!-- \/ Yoast SEO plugin. -->","yoast_head_json":{"title":"Oferty pracy z zewn\u0119trznych platform rekrutacyjnych - Oben Jobs - Centrum Kariery","robots":{"index":"index","follow":"follow","max-snippet":"max-snippet:-1","max-image-preview":"max-image-preview:large","max-video-preview":"max-video-preview:-1"},"canonical":"https:\/\/obenjobs.com\/kariera\/oferty-pracy\/","og_locale":"pl_PL","og_type":"article","og_title":"Oferty pracy z zewn\u0119trznych platform rekrutacyjnych - Oben Jobs - Centrum Kariery","og_url":"https:\/\/obenjobs.com\/kariera\/oferty-pracy\/","og_site_name":"Oben Jobs - Centrum Kariery","article_modified_time":"2024-07-19T16:09:08+00:00","twitter_card":"summary_large_image","schema":{"@context":"https:\/\/schema.org","@graph":[{"@type":"WebPage","@id":"https:\/\/obenjobs.com\/kariera\/oferty-pracy\/","url":"https:\/\/obenjobs.com\/kariera\/oferty-pracy\/","name":"Oferty pracy z zewn\u0119trznych platform rekrutacyjnych - Oben Jobs - Centrum Kariery","isPartOf":{"@id":"https:\/\/obenjobs.com\/kariera\/#website"},"datePublished":"2024-07-18T21:11:32+00:00","dateModified":"2024-07-19T16:09:08+00:00","breadcrumb":{"@id":"https:\/\/obenjobs.com\/kariera\/oferty-pracy\/#breadcrumb"},"inLanguage":"pl-PL","potentialAction":[{"@type":"ReadAction","target":["https:\/\/obenjobs.com\/kariera\/oferty-pracy\/"]}]},{"@type":"BreadcrumbList","@id":"https:\/\/obenjobs.com\/kariera\/oferty-pracy\/#breadcrumb","itemListElement":[{"@type":"ListItem","position":1,"name":"Strona g\u0142\u00f3wna","item":"https:\/\/obenjobs.com\/kariera\/"},{"@type":"ListItem","position":2,"name":"Oferty pracy z zewn\u0119trznych platform rekrutacyjnych"}]},{"@type":"WebSite","@id":"https:\/\/obenjobs.com\/kariera\/#website","url":"https:\/\/obenjobs.com\/kariera\/","name":"Oben Jobs - Centrum Kariery","description":"Nowy portal pracy dla wszystkich","publisher":{"@id":"https:\/\/obenjobs.com\/kariera\/#organization"},"potentialAction":[{"@type":"SearchAction","target":{"@type":"EntryPoint","urlTemplate":"https:\/\/obenjobs.com\/kariera\/?s={search_term_string}"},"query-input":{"@type":"PropertyValueSpecification","valueRequired":true,"valueName":"search_term_string"}}],"inLanguage":"pl-PL"},{"@type":"Organization","@id":"https:\/\/obenjobs.com\/kariera\/#organization","name":"OBEN JOBS POLSKA BLOG","url":"https:\/\/obenjobs.com\/kariera\/","logo":{"@type":"ImageObject","inLanguage":"pl-PL","@id":"https:\/\/obenjobs.com\/kariera\/#\/schema\/logo\/image\/","url":"https:\/\/obenjobs.com\/kariera\/wp-content\/uploads\/2022\/06\/obenjobs-czarny.png","contentUrl":"https:\/\/obenjobs.com\/kariera\/wp-content\/uploads\/2022\/06\/obenjobs-czarny.png","width":1908,"height":178,"caption":"OBEN JOBS POLSKA BLOG"},"image":{"@id":"https:\/\/obenjobs.com\/kariera\/#\/schema\/logo\/image\/"}}]}},"_links":{"self":[{"href":"https:\/\/obenjobs.com\/kariera\/wp-json\/wp\/v2\/pages\/3300","targetHints":{"allow":["GET"]}}],"collection":[{"href":"https:\/\/obenjobs.com\/kariera\/wp-json\/wp\/v2\/pages"}],"about":[{"href":"https:\/\/obenjobs.com\/kariera\/wp-json\/wp\/v2\/types\/page"}],"author":[{"embeddable":true,"href":"https:\/\/obenjobs.com\/kariera\/wp-json\/wp\/v2\/users\/1"}],"replies":[{"embeddable":true,"href":"https:\/\/obenjobs.com\/kariera\/wp-json\/wp\/v2\/comments?post=3300"}],"version-history":[{"count":4,"href":"https:\/\/obenjobs.com\/kariera\/wp-json\/wp\/v2\/pages\/3300\/revisions"}],"predecessor-version":[{"id":3661,"href":"https:\/\/obenjobs.com\/kariera\/wp-json\/wp\/v2\/pages\/3300\/revisions\/3661"}],"wp:attachment":[{"href":"https:\/\/obenjobs.com\/kariera\/wp-json\/wp\/v2\/media?parent=3300"}],"curies":[{"name":"wp","href":"https:\/\/api.w.org\/{rel}","templated":true}]}}